{"id":69,"date":"2023-09-17T11:46:19","date_gmt":"2023-09-17T11:46:19","guid":{"rendered":"https:\/\/www.141319.eu\/?page_id=69-old"},"modified":"2023-11-09T16:48:12","modified_gmt":"2023-11-09T16:48:12","slug":"aboutus","status":"publish","type":"page","link":"https:\/\/www.studiolegalezheng.it\/it\/aboutus","title":{"rendered":"Chi Siamo"},"content":{"rendered":"<p style=\"font-size:22px\">Lo Studio Legale Zheng rappresenta ormai un punto di riferimento per la comunit\u00e0 cinese residente in Italia. Fondato nel 2016 dall'Avv. Fan Zheng.<\/p>\n\n\n\n<p style=\"font-size:22px\">Dal 2021, lo Studio \u00e8 ormai in grado di rispondere ad ogni esigenza di tutela del cliente e riesce ad operare nei principali rami e sottosistemi (civile, penale, amministrativo, commerciale ed immigrazione) del diritto, con importanti collegamenti all'estero, in particolare Europa, Stati uniti e Cina.\nSituato in posizione strategica nel cuore della Chinatown milanese, lo Studio \u00e8 facilmente raggiungibile utilizzando i mezzi pubblici, cos\u00ec da offrire supporto tempestivo e sostenibile anche a livello logistico. L'abilit\u00e0 del team di professionisti riesce a coniugare qualit\u00e0, ma anche efficienza, modulando la velocit\u00e0 d'intervento a seconda della situazione che si presenta senza perdere di vista l'obiettivo di fornire al cliente un supporto di elevata qualit\u00e0. A questo scopo ben si presta la capacit\u00e0 dei membri di operare con i pi\u00f9 moderni e rapidi sistemi di comunicazione, sempre nel rigoroso rispetto della riservatezza.<\/p>\n\n\n\n<p style=\"font-size:22px\">Il cliente pu\u00f2 interfacciarsi con lo Studio, con garanzia di essere compreso perfettamente, anche utilizzando la lingua cinese, quella inglese e quella spagnola.<\/p>\n\n\n\n<p style=\"font-size:22px\">Tutti i membri dello Studio sono consapevoli dell'importanza di adempiere al dovere di formazione continua, imprescindibile caposaldo per mantenere le qualit\u00e0 faticosamente acquisite e rispondere alle pi\u00f9 elevate aspettative di ogni cliente.<\/p>","protected":false},"excerpt":{"rendered":"<p>\u90d1\u5e06\u5f8b\u5e08\u4e8b\u52a1\u6240\u4e8e2016\u5e74\u5728\u7c73\u5170\u8bbe\u7acb\uff0c\u5750\u843d\u4e8e\u7c73\u5170\u5e02\u5510\u4eba\u8857\uff0c\u662f\u4e00\u5bb6\u7531\u591a\u4f4d\u4e13\u4e1a\u4eba\u58eb\u7ec4\u6210\u7684\uff0c\u5e74\u8f7b\u800c\u5145\u6ee1\u6d3b\u529b\u7684\u5f8b\u5e08\u4e8b\u52a1 [&hellip;]<\/p>\n","protected":false},"author":2,"featured_media":0,"parent":0,"menu_order":1,"comment_status":"closed","ping_status":"closed","template":"","meta":{"footnotes":""},"class_list":["post-69","page","type-page","status-publish","hentry"],"_links":{"self":[{"href":"https:\/\/www.studiolegalezheng.it\/it\/wp-json\/wp\/v2\/pages\/69","targetHints":{"allow":["GET"]}}],"collection":[{"href":"https:\/\/www.studiolegalezheng.it\/it\/wp-json\/wp\/v2\/pages"}],"about":[{"href":"https:\/\/www.studiolegalezheng.it\/it\/wp-json\/wp\/v2\/types\/page"}],"author":[{"embeddable":true,"href":"https:\/\/www.studiolegalezheng.it\/it\/wp-json\/wp\/v2\/users\/2"}],"replies":[{"embeddable":true,"href":"https:\/\/www.studiolegalezheng.it\/it\/wp-json\/wp\/v2\/comments?post=69"}],"version-history":[{"count":17,"href":"https:\/\/www.studiolegalezheng.it\/it\/wp-json\/wp\/v2\/pages\/69\/revisions"}],"predecessor-version":[{"id":1726,"href":"https:\/\/www.studiolegalezheng.it\/it\/wp-json\/wp\/v2\/pages\/69\/revisions\/1726"}],"wp:attachment":[{"href":"https:\/\/www.studiolegalezheng.it\/it\/wp-json\/wp\/v2\/media?parent=69"}],"curies":[{"name":"wp","href":"https:\/\/api.w.org\/{rel}","templated":true}]}}