{"id":1710,"date":"2023-11-09T14:43:54","date_gmt":"2023-11-09T14:43:54","guid":{"rendered":"https:\/\/www.studiolegalezheng.it\/?page_id=1710"},"modified":"2023-11-09T19:40:46","modified_gmt":"2023-11-09T19:40:46","slug":"politica-privacy","status":"publish","type":"page","link":"https:\/\/www.studiolegalezheng.it\/it\/politica-privacy","title":{"rendered":"Disclaimer &amp; Privacy"},"content":{"rendered":"<p>DISCLAIMER<\/p>\n\n\n\n<p>Il contenuto del presente sito www.studiolegalezheng.it \u00e8 a scopo esclusivamente informativo e non pu\u00f2 essere considerato esaustivo, n\u00e9 fornire parere legale o altro tipo di consulenza professionale, n\u00e9 \u00e8 inteso a fini commerciali o di relazione o di transazione con i clienti.<\/p>\n\n\n\n<p>Lo Studio Legale Zheng, con sede in Milano, Via Niccolini n. 10, 20124 (di seguito \u201cSLZ\u201d), declina ogni responsabilit\u00e0 in merito ad azioni od omissioni basate sull\u2019utilizzo delle informazioni e degli articoli contenuti nel presente sito e non \u00e8 responsabile per, n\u00e9 di per s\u00e9 approva, i contenuti forniti da terzi accessibili dal presente sito.<\/p>\n\n\n\n<p>Studio Legale Zheng ed il relativo logo sono marchi di propriet\u00e0 esclusiva di SLZ e sono protetti dalle leggi applicabili. I contenuti del presente sito sono protetti da diritto di autore in base alle disposizioni delle convenzioni internazionali.<\/p>\n\n\n\n<p>PRIVACY POLICY<\/p>\n\n\n\n<p>In questa pagina si descrivono le modalit\u00e0 di gestione delle informazioni contenute nel sito www.studiolegalezheng.it con riferimento al trattamento dei dati personali degli utenti che lo consultano. Si tratta di un\u2019informativa resa anche ai sensi dell'art. 13 del d.lgs. n. 196\/2003 (Codice in materia di protezione dei dati personali) a coloro che accedono al sito. L\u2019informativa \u00e8 resa solo per il sito www.studiolegalezheng.it e non anche per altri siti web eventualmente consultati dall\u2019utente tramite link.<\/p>\n\n\n\n<p>Il \u201ctitolare\u201d del trattamento<\/p>\n\n\n\n<p>A seguito della consultazione di questo sito possono essere trattati dati relativi a persone identificate o identificabili. Il \u201ctitolare\u201d del loro trattamento \u00e8 Studio Legale Zheng, con sede in Milano, Via Niccolini n. 10, 20124.<\/p>\n\n\n\n<p>Luogo del trattamento dei dati<\/p>\n\n\n\n<p>I trattamenti connessi ai servizi web di questo sito hanno luogo presso la sede di SLZ e sono curati solo da dipendenti, collaboratori, associati o soci di SLZ incaricati del trattamento, o da eventuali incaricati di occasionali operazioni di manutenzione. Nessun dato derivante dal servizio web viene comunicato o diffuso.<\/p>\n\n\n\n<p><\/p>\n\n\n\n<p>Tipi di dati trattati<\/p>\n\n\n\n<p>Dati di navigazione<\/p>\n\n\n\n<p>I sistemi informatici e le procedure software preposte al funzionamento di questo sito web acquisiscono, nel corso del loro normale esercizio, alcuni dati personali la cui trasmissione \u00e8 implicita nell\u2019uso dei protocolli di comunicazione di Internet. Si tratta di informazioni che non sono raccolte per essere associate a interessati identificati, ma che per loro stessa natura potrebbero, attraverso elaborazioni ed associazioni con dati detenuti da terzi, permettere di identificare gli utenti. In questa categoria di dati rientrano gli indirizzi IP o i nomi a dominio dei computer utilizzati dagli utenti che si connettono al sito, gli indirizzi in notazione URI (Uniform Resource Identifier) delle risorse richieste, l\u2019orario della richiesta, il metodo utilizzato nel sottoporre la richiesta al server, la dimensione del file ottenuto in risposta, il codice numerico indicante lo stato della risposta data dal server (buon fine, errore, ecc.) ed altri parametri relativi al sistema operativo e all\u2019ambiente informatico dell\u2019utente.<\/p>\n\n\n\n<p>Questi dati vengono utilizzati al solo fine di ricavare informazioni statistiche anonime sull\u2019uso del sito e per controllarne il corretto funzionamento e vengono cancellati immediatamente dopo l\u2019elaborazione. I dati potrebbero essere utilizzati per l\u2019accertamento di responsabilit\u00e0 in caso di ipotetici reati informatici ai danni del sito: salva questa eventualit\u00e0, allo stato i dati sui contatti web non persistono per pi\u00f9 di sette giorni.<\/p>\n\n\n\n<p>Dati forniti volontariamente dall\u2019utente<\/p>\n\n\n\n<p>L\u2019invio facoltativo, esplicito e volontario di posta elettronica agli indirizzi indicati su questo sito comporta la successiva acquisizione dell\u2019indirizzo del mittente, necessario per rispondere alle richieste, nonch\u00e9 degli eventuali altri dati personali inseriti nella missiva.<\/p>\n\n\n\n<p>Dati relativi ai curricula inviati spontaneamente all\u2019indirizzo dedicato<\/p>\n\n\n\n<p>I dati personali contenuti nei curricula inviati agli indirizzi indicati su questo sito saranno utilizzati ai soli fini della valutazione del profilo dei candidati e della selezione degli stessi. Potranno essere comunicati ad altri uffici di SLZ ma non verranno comunicati a terzi. In caso di esito negativo della selezione saranno cancellati dopo sette giorni. E\u2019 possibile rivolgersi a SLZ al numero di fax +39 02 36 72 73 66 per verificare i propri dati e farli integrare, aggiornare o rettificare e per esercitare gli altri diritti di cui all\u2019art. 7 del d.lgs. n. 196\/2003 (Codice in materia di protezione dei dati personali). L\u2019eventuale invio di dati sensibili (relativi, in particolare, a origine razziale ed etnica, convinzioni religiose, filosofiche o di altro genere, opinioni politiche, l\u2019adesione a partiti, sindacati, associazioni od organizzazioni a carattere religioso, filosofico, politico o sindacale, nonch\u00e9 i dati personali idonei a rivelare lo stato di salute e la vita sessuale) comporta l\u2019immediata cancellazione dei dati stessi in mancanza di una dichiarazione scritta di consenso dell\u2019interessato al loro trattamento da parte di SLZ.<\/p>\n\n\n\n<p>Cookies<\/p>\n\n\n\n<p>Nessun dato personale degli utenti viene acquisito dal sito attraverso l\u2019uso di cookies. Questi file vengono salvati nella memoria del computer dell\u2019utente per facilitare gli accessi successivi al nostro sito web. Non viene fatto uso di cookies per la trasmissione di informazioni di carattere personale, n\u00e9 vengono utilizzati c.d. cookies persistenti di alcun tipo, ovvero sistemi per il tracciamento degli utenti. L\u2019uso di c.d. cookies di sessione (che non vengono memorizzati in modo persistente sul computer dell\u2019utente e svaniscono con la chiusura del browser) \u00e8 strettamente limitato alla trasmissione di identificativi di sessione (costituiti da numeri casuali generati dal server) necessari per consentire l\u2019esplorazione sicura ed efficiente del sito. La ricezione dei cookies utilizzati in questo sito potr\u00e0 essere interrotta in qualsiasi momento dall\u2019utente modificando le impostazioni del suo browser.<\/p>\n\n\n\n<p>Facoltativit\u00e0 del conferimento dei dati<\/p>\n\n\n\n<p>A parte quanto specificato per i dati di navigazione, l'utente \u00e8 libero di fornire i propri dati personali per sollecitare l'invio di materiale informativo o sottoporre la propria candidatura a posizioni professionali in SLZ. Il mancato conferimento dei dati pu\u00f2 comportare l'impossibilit\u00e0 di ottenere le informazioni richieste o la valutazione delle candidature presentate.<\/p>\n\n\n\n<p>Modalit\u00e0 e finalit\u00e0 del trattamento<\/p>\n\n\n\n<p>I dati personali saranno eventualmente trattati da SLZ in formato cartaceo o con strumenti automatizzati per il tempo strettamente necessario a conseguire gli scopi per cui sono stati raccolti. A parte quanto specificato per i dati di navigazione, i dati personali forniti dagli utenti che inoltrano agli indirizzi pubblicati su questo sito richieste di materiale informativo o candidature a posizioni professionali in SLZ sono utilizzati al solo fine di inviare le informazioni richieste o valutare le candidature presentate e non sono comunicati a soggetti terzi, salvo che la comunicazione sia imposta da obblighi di legge o sia strettamente necessaria per l\u2019adempimento delle richieste.<\/p>\n\n\n\n<p>Diritti degli interessati<\/p>\n\n\n\n<p>Qualora SLZ dovesse trattare i dati personali e le informazioni acquisiti attraverso il sito web, i soggetti cui tali dati e informazioni si riferiscono avranno il diritto in qualunque momento di ottenere la conferma dell\u2019esistenza o meno dei medesimi dati e di conoscerne il contenuto e l\u2019origine, nonch\u00e9 di verificarne l\u2019esattezza o chiederne l\u2019integrazione o l\u2019aggiornamento, ovvero la rettificazione (art. 7 del d.lgs. n. 196\/2003). Ai sensi del medesimo articolo si ha il diritto di chiedere la cancellazione, la trasformazione in forma anonima o il blocco dei dati trattati in violazione di legge, nonch\u00e9 di opporsi in ogni caso, per motivi legittimi, al loro trattamento. Le richieste di cui sopra vanno rivolte a SLZ al numero di fax +39 02 36 72 73 66.<\/p>","protected":false},"excerpt":{"rendered":"<p>\u514d\u8d23\u58f0\u660e \u90d1\u5e06\u5f8b\u5e08\u4e8b\u52a1\u6240\u7f51\u7ad9\u4e0a\u7684\u4fe1\u606f\u4ec5\u4f9b\u53c2\u8003\uff0c\u4e0d\u5e94\u8be5\u88ab\u89c6\u4e3a\u5f8b\u5e08\u4e8b\u52a1\u6240\u7ed9\u5ba2\u6237\u63d0\u4f9b\u7684\u5168\u9762\u8be6\u7ec6\u7684\u6cd5\u5f8b\u610f\u89c1\uff0c\u66f4\u4e0d\u80fd\u88ab\u89c6 [&hellip;]<\/p>\n","protected":false},"author":2,"featured_media":0,"parent":0,"menu_order":0,"comment_status":"closed","ping_status":"closed","template":"","meta":{"footnotes":""},"class_list":["post-1710","page","type-page","status-publish","hentry"],"_links":{"self":[{"href":"https:\/\/www.studiolegalezheng.it\/it\/wp-json\/wp\/v2\/pages\/1710","targetHints":{"allow":["GET"]}}],"collection":[{"href":"https:\/\/www.studiolegalezheng.it\/it\/wp-json\/wp\/v2\/pages"}],"about":[{"href":"https:\/\/www.studiolegalezheng.it\/it\/wp-json\/wp\/v2\/types\/page"}],"author":[{"embeddable":true,"href":"https:\/\/www.studiolegalezheng.it\/it\/wp-json\/wp\/v2\/users\/2"}],"replies":[{"embeddable":true,"href":"https:\/\/www.studiolegalezheng.it\/it\/wp-json\/wp\/v2\/comments?post=1710"}],"version-history":[{"count":3,"href":"https:\/\/www.studiolegalezheng.it\/it\/wp-json\/wp\/v2\/pages\/1710\/revisions"}],"predecessor-version":[{"id":1738,"href":"https:\/\/www.studiolegalezheng.it\/it\/wp-json\/wp\/v2\/pages\/1710\/revisions\/1738"}],"wp:attachment":[{"href":"https:\/\/www.studiolegalezheng.it\/it\/wp-json\/wp\/v2\/media?parent=1710"}],"curies":[{"name":"wp","href":"https:\/\/api.w.org\/{rel}","templated":true}]}}